{"id":128,"date":"2018-04-21T18:23:09","date_gmt":"2018-04-21T18:23:09","guid":{"rendered":"http:\/\/mobitcar-ostalb.de\/?page_id=128"},"modified":"2018-07-14T19:54:58","modified_gmt":"2018-07-14T19:54:58","slug":"umfrage","status":"publish","type":"page","link":"http:\/\/mobitcar-ostalb.de\/?page_id=128","title":{"rendered":"APP"},"content":{"rendered":"<p>Eine App f\u00fcr Android Ger\u00e4te befindet sich aktuell in Bearbeitung. Anbei ein paar Screenshots des Prototypen<\/p>\n<p><img fetchpriority=\"high\" decoding=\"async\" class=\"alignnone wp-image-141\" src=\"http:\/\/mobitcar-ostalb.de\/wp-content\/uploads\/2018\/04\/Screenshot_upload_App-300x230.jpg\" alt=\"\" width=\"543\" height=\"417\" srcset=\"http:\/\/mobitcar-ostalb.de\/wp-content\/uploads\/2018\/04\/Screenshot_upload_App-300x230.jpg 300w, http:\/\/mobitcar-ostalb.de\/wp-content\/uploads\/2018\/04\/Screenshot_upload_App-768x589.jpg 768w, http:\/\/mobitcar-ostalb.de\/wp-content\/uploads\/2018\/04\/Screenshot_upload_App-1024x785.jpg 1024w, http:\/\/mobitcar-ostalb.de\/wp-content\/uploads\/2018\/04\/Screenshot_upload_App.jpg 1704w\" sizes=\"(max-width: 543px) 100vw, 543px\" \/><\/p>\n<p><img decoding=\"async\" class=\"alignnone wp-image-146\" src=\"http:\/\/mobitcar-ostalb.de\/wp-content\/uploads\/2018\/04\/Screenshot_upload_App2-300x232.jpg\" alt=\"\" width=\"551\" height=\"426\" srcset=\"http:\/\/mobitcar-ostalb.de\/wp-content\/uploads\/2018\/04\/Screenshot_upload_App2-300x232.jpg 300w, http:\/\/mobitcar-ostalb.de\/wp-content\/uploads\/2018\/04\/Screenshot_upload_App2-768x594.jpg 768w, http:\/\/mobitcar-ostalb.de\/wp-content\/uploads\/2018\/04\/Screenshot_upload_App2-1024x793.jpg 1024w, http:\/\/mobitcar-ostalb.de\/wp-content\/uploads\/2018\/04\/Screenshot_upload_App2.jpg 1704w\" sizes=\"(max-width: 551px) 100vw, 551px\" \/><\/p>\n<p>Die Online-Umfrage direkt \u00fcbers Internet sowie wie Auswertungsergebnisse der Standorte werden zuk\u00fcnftig ebenfalls auf dieser Seite angezeigt und befinden sich momentan noch in Arbeit.<\/p>\n","protected":false},"excerpt":{"rendered":"<p>Eine App f\u00fcr Android Ger\u00e4te befindet sich aktuell in Bearbeitung. Anbei ein paar Screenshots des Prototypen Die Online-Umfrage direkt \u00fcbers Internet sowie wie Auswertungsergebnisse der Standorte werden zuk\u00fcnftig ebenfalls auf&hellip;<\/p>\n","protected":false},"author":1,"featured_media":0,"parent":0,"menu_order":5,"comment_status":"closed","ping_status":"closed","template":"","meta":{"footnotes":""},"class_list":["post-128","page","type-page","status-publish","hentry","no-post-thumbnail"],"_links":{"self":[{"href":"http:\/\/mobitcar-ostalb.de\/index.php?rest_route=\/wp\/v2\/pages\/128","targetHints":{"allow":["GET"]}}],"collection":[{"href":"http:\/\/mobitcar-ostalb.de\/index.php?rest_route=\/wp\/v2\/pages"}],"about":[{"href":"http:\/\/mobitcar-ostalb.de\/index.php?rest_route=\/wp\/v2\/types\/page"}],"author":[{"embeddable":true,"href":"http:\/\/mobitcar-ostalb.de\/index.php?rest_route=\/wp\/v2\/users\/1"}],"replies":[{"embeddable":true,"href":"http:\/\/mobitcar-ostalb.de\/index.php?rest_route=%2Fwp%2Fv2%2Fcomments&post=128"}],"version-history":[{"count":15,"href":"http:\/\/mobitcar-ostalb.de\/index.php?rest_route=\/wp\/v2\/pages\/128\/revisions"}],"predecessor-version":[{"id":326,"href":"http:\/\/mobitcar-ostalb.de\/index.php?rest_route=\/wp\/v2\/pages\/128\/revisions\/326"}],"wp:attachment":[{"href":"http:\/\/mobitcar-ostalb.de\/index.php?rest_route=%2Fwp%2Fv2%2Fmedia&parent=128"}],"curies":[{"name":"wp","href":"https:\/\/api.w.org\/{rel}","templated":true}]}}