{"id":289,"date":"2018-06-01T08:22:47","date_gmt":"2018-06-01T08:22:47","guid":{"rendered":"http:\/\/mobitcar-ostalb.de\/?page_id=289"},"modified":"2018-07-17T09:28:33","modified_gmt":"2018-07-17T09:28:33","slug":"it-dienstleistungen","status":"publish","type":"page","link":"http:\/\/mobitcar-ostalb.de\/?page_id=289","title":{"rendered":"IT-LEISTUNGEN"},"content":{"rendered":"<p>Haben Sie Probleme mit Ihrem PC?<br \/>\nF\u00e4hrt dieser nicht mehr hoch?<br \/>\nSind Daten wie Bilder oder Word Dokumente versehentlich gel\u00f6scht worden?<br \/>\nM\u00f6chten Sie eine Server-Client L\u00f6sung in Ihrem Unternehmen einsetzen wie z.B. Arztpraxen, kleine und mittlere Unternehmen &#8230;?<\/p>\n<p>In meine unterst\u00fctzenden Bereiche fallen folgende Gebiete:<\/p>\n<ul>\n<li>Einrichtung und Installation von Notebooks \/ PCs \/ Server (Windows, MacOS)<\/li>\n<li>Sicherheits\u00fcberpr\u00fcfung von Rechner (Antivirensoftware, Windows<br \/>\nSicherheitsupdates)<\/li>\n<li>\u00a0Datenwiederherstellung von versehentlich gel\u00f6schten Dateien (wenn die Festplatte physikalisch noch funktionsf\u00e4hig ist).<\/li>\n<\/ul>\n<p><strong>WICHTIGER HINWEIS:<\/strong><br \/>\nSollten Sie Dateien versehentlich gel\u00f6scht haben, den Rechner bzw. die Festplatte Herunterfahren \/ Ausschalten, um zu verhindern, dass die gel\u00f6schten Daten auf der Festplatte \u00fcberschrieben werden. Beim L\u00f6schvorgang der Daten, werden die Sektoren auf der Festplatte freigegeben aber noch nicht \u00fcberschrieben. Durch das ausschalten wird verhindert, dass diese durch neue Daten in diesem Bereich \u00fcberschrieben werden und die Chance einer erfolgreichen Wiederherstellung ist um ein vielfaches H\u00f6her!<\/p>\n<ul>\n<li>Einrichtung und Konfiguration von Internetanbindungen \u00fcber Fritzbox oder andere Routerhersteller sowie WLAN integration der Ger\u00e4te (Smartphones, Notebook, PC, TV Ger\u00e4te etc.)<\/li>\n<li>Netzwerkinstallation \/ Aufbau und Anschluss der Switche sowie Netzwerkendger\u00e4te<\/li>\n<li>Installation von Peripherieger\u00e4ten wie Drucker, Scanner etc.<\/li>\n<li>Einrichtung von Sicherungen und Backups auf externe Ger\u00e4te wie NAS (Network Attached Storage) oder USB-Festplatten.<\/li>\n<li>Beratung \/ Planung \/ Umsetzung von Server-Client Umgebungen im Microsoft Umfeld.<\/li>\n<li>Hilfe und Unterst\u00fctzung bei der Einrichtung von E-Mail Konten und Integration in Clients wie Microsoft Outlook oder Open Source Programme wie Thunderbird.<\/li>\n<\/ul>\n<p><strong>Gerne k\u00f6nnen Sie sich bei Fragen per E-Mail an mich wenden: <a href=\"mailto:Stefan.Maier@mobitcar.de\">Stefan.Maier@mobitcar.de<\/a><\/strong><\/p>\n<p>&nbsp;<\/p>\n","protected":false},"excerpt":{"rendered":"<p>Haben Sie Probleme mit Ihrem PC? F\u00e4hrt dieser nicht mehr hoch? Sind Daten wie Bilder oder Word Dokumente versehentlich gel\u00f6scht worden? M\u00f6chten Sie eine Server-Client L\u00f6sung in Ihrem Unternehmen einsetzen&hellip;<\/p>\n","protected":false},"author":1,"featured_media":0,"parent":0,"menu_order":3,"comment_status":"closed","ping_status":"closed","template":"","meta":{"footnotes":""},"class_list":["post-289","page","type-page","status-publish","hentry","no-post-thumbnail"],"_links":{"self":[{"href":"http:\/\/mobitcar-ostalb.de\/index.php?rest_route=\/wp\/v2\/pages\/289","targetHints":{"allow":["GET"]}}],"collection":[{"href":"http:\/\/mobitcar-ostalb.de\/index.php?rest_route=\/wp\/v2\/pages"}],"about":[{"href":"http:\/\/mobitcar-ostalb.de\/index.php?rest_route=\/wp\/v2\/types\/page"}],"author":[{"embeddable":true,"href":"http:\/\/mobitcar-ostalb.de\/index.php?rest_route=\/wp\/v2\/users\/1"}],"replies":[{"embeddable":true,"href":"http:\/\/mobitcar-ostalb.de\/index.php?rest_route=%2Fwp%2Fv2%2Fcomments&post=289"}],"version-history":[{"count":7,"href":"http:\/\/mobitcar-ostalb.de\/index.php?rest_route=\/wp\/v2\/pages\/289\/revisions"}],"predecessor-version":[{"id":348,"href":"http:\/\/mobitcar-ostalb.de\/index.php?rest_route=\/wp\/v2\/pages\/289\/revisions\/348"}],"wp:attachment":[{"href":"http:\/\/mobitcar-ostalb.de\/index.php?rest_route=%2Fwp%2Fv2%2Fmedia&parent=289"}],"curies":[{"name":"wp","href":"https:\/\/api.w.org\/{rel}","templated":true}]}}