{"id":29,"date":"2018-04-17T21:47:04","date_gmt":"2018-04-17T21:47:04","guid":{"rendered":"http:\/\/mobitcar-ostalb.de\/?page_id=29"},"modified":"2020-04-18T15:13:53","modified_gmt":"2020-04-18T15:13:53","slug":"die-idee-hinter-mobitcar","status":"publish","type":"page","link":"http:\/\/mobitcar-ostalb.de\/","title":{"rendered":"INFO"},"content":{"rendered":"<p><img fetchpriority=\"high\" decoding=\"async\" class=\"alignnone wp-image-315\" src=\"http:\/\/mobitcar-ostalb.de\/wp-content\/uploads\/2018\/07\/20180531_114745-300x169.jpg\" alt=\"\" width=\"685\" height=\"386\" srcset=\"http:\/\/mobitcar-ostalb.de\/wp-content\/uploads\/2018\/07\/20180531_114745-300x169.jpg 300w, http:\/\/mobitcar-ostalb.de\/wp-content\/uploads\/2018\/07\/20180531_114745-768x432.jpg 768w, http:\/\/mobitcar-ostalb.de\/wp-content\/uploads\/2018\/07\/20180531_114745-1024x576.jpg 1024w\" sizes=\"(max-width: 685px) 100vw, 685px\" \/><\/p>\n<p><strong>MOBITCAR<\/strong> steht f\u00fcr &#8222;<strong>Mob<\/strong>ile <strong>IT<\/strong> <strong>Car<\/strong>&#8220; und ist ein IT-Service auf vier R\u00e4dern. Die Idee besteht aus einem autark ausgestatteten Bus mit Solarmodule f\u00fcr die interne Stromversorgung, mobiler Internetverbindung, redundantem Backup-System zur schnellen Sicherung von Ger\u00e4ten wie z.B. Notebooks Vorort, sowie einer kleinen Reparaturwerkstatt.<\/p>\n<p>Per <strong>Online-Umfrage oder App<\/strong> k\u00f6nnen Hilfesuchende vorab Ihr Problem schildern, Ger\u00e4tetyp angeben und f\u00fcr einen der vordefinierten, ihnen nahegelegenen Standort abstimmen. Der am h\u00e4ufigsten gew\u00e4hlte Ort ist der n\u00e4chste<strong> MOBITCAR<\/strong> Stopp und f\u00fcr <strong>jeden frei zug\u00e4nglich<\/strong>. Hierbei fallen f\u00fcr eine <strong>&#8222;Kurzdiagnose&#8220;<\/strong> Vorort <strong>keine Geb\u00fchren an<\/strong>.&nbsp;Dadurch kann die<strong> &#8222;Nachhaltigkeit&#8220;<\/strong> angeregt und das Motto <strong>&#8222;Reparieren statt wegwerfen&#8220;<\/strong> in die Tat umgesetzt werden.<\/p>\n<p>Bei einer Kooperation mit Kommunen oder \u00e4hnliche Institutionen ist es ebenso vorstellbar, dass es einen w\u00f6chentlich festen Termin gibt, an welchem das MOBITCAR beim jeweiligen Standort z.B. vor dem Rathaus f\u00fcr alle B\u00fcrger zur Verf\u00fcgung steht.<\/p>\n<p>Ein weiterer grundlegender Nutzen der Idee besteht darin, Menschen mit z.B. Mobilit\u00e4tseinschr\u00e4nkungen oder fehlenden IT-Kenntnissen, Hilfe&nbsp;zu fairen Preisen anzubieten. Seniorenwohnanlagen mit betreutem Wohnen, soziale Einrichtungen, der l\u00e4ndliche Raum aber auch Firmen und Privatkunden k\u00f6nnen durch das <strong>MOBITCAR<\/strong> angefahren und IT-Dienstleistungen angeboten werden. Dadurch lassen sich die Probleme <strong>effizient<\/strong>, <strong>schnell<\/strong> und <strong>preiswert<\/strong> direkt <strong>Vorort<\/strong> beheben.<\/p>\n<p>Durch die Sammeltreffpunkte fallen f\u00fcr die Hilfesuchenden <strong>keine Anfahrtskosten an. <\/strong>Oftmals sind kleine, kosteng\u00fcnstige Erneuerungen ausreichend, um \u00e4ltere oder defekte Ger\u00e4te vor dem Wertstoffhof zu retten. <strong>Flexibilit\u00e4t<\/strong> durch die <strong>&#8222;mobile Werkstatt&#8220;<\/strong> erspart Kunden das aufwendige Aufsuchen einer PC Reparatur Firma sowie das <strong>&#8222;aus der Hand geben pers\u00f6nlicher Daten&#8220;<\/strong>, die sich auf dem PC oder Notebook befinden.<\/p>\n<p>Die Digitalisierung schreitet kontinuierlich schneller und weiter voran. Schlagzeilen wie z.B. <strong>\u201eBeratung gibts nur noch im Internet\u201c<\/strong> sieht man immer \u00f6fters. Es gibt keinen direkten Ansprechpartner mehr Vorort, was zur Folge hat, dass \u00c4ltere oder auch weniger technikaffine Personen nun gezwungen sind, sich bei Fragen mit der digitalen Welt auseinanderzusetzen. Intelligente Stromz\u00e4hler werden kommen, die nur noch Online ablesbar sind, bargeldloses Bezahlen, Smart Home u.v.m. Und genau hier kn\u00fcpft die Idee <strong>MOBITCAR<\/strong> an. Als Bindeglied zwischen den Hilfesuchenden und der sich immer schneller verbreitenden neuen Technik.<\/p>\n<p>Aufgrund der autarken IT-Infrastruktur innerhalb des <strong>MOBITCAR&#8217;s<\/strong> k\u00f6nnen aufwendige Reparaturarbeiten direkt Vorort durchgef\u00fchrt werden. Mittels der kostenlosen Kurzdiagnose wird der zunehmenden <strong>&#8222;Wegwerfgesellschaft&#8220; entgegengewirkt<\/strong>. Falls nach einer Zustimmung die Reparatur stattfinden soll, entstehen die Kosten f\u00fcr Ersatzteile und Arbeitszeit.<\/p>\n<p>Das <strong>MOBITCAR<\/strong> steht auch als unabh\u00e4ngiger IT-Dienstleister f\u00fcr Firmen und Privatkunden im Bereich Serverbetreuung, PC-Support, IT-Sicherheitsfragen und Beratung zur Verf\u00fcgung.<\/p>\n","protected":false},"excerpt":{"rendered":"<p>MOBITCAR steht f\u00fcr &#8222;Mobile IT Car&#8220; und ist ein IT-Service auf vier R\u00e4dern. Die Idee besteht aus einem autark ausgestatteten Bus mit Solarmodule f\u00fcr die interne Stromversorgung, mobiler Internetverbindung, redundantem&hellip;<\/p>\n","protected":false},"author":1,"featured_media":0,"parent":0,"menu_order":1,"comment_status":"closed","ping_status":"closed","template":"","meta":{"footnotes":""},"class_list":["post-29","page","type-page","status-publish","hentry","no-post-thumbnail"],"_links":{"self":[{"href":"http:\/\/mobitcar-ostalb.de\/index.php?rest_route=\/wp\/v2\/pages\/29","targetHints":{"allow":["GET"]}}],"collection":[{"href":"http:\/\/mobitcar-ostalb.de\/index.php?rest_route=\/wp\/v2\/pages"}],"about":[{"href":"http:\/\/mobitcar-ostalb.de\/index.php?rest_route=\/wp\/v2\/types\/page"}],"author":[{"embeddable":true,"href":"http:\/\/mobitcar-ostalb.de\/index.php?rest_route=\/wp\/v2\/users\/1"}],"replies":[{"embeddable":true,"href":"http:\/\/mobitcar-ostalb.de\/index.php?rest_route=%2Fwp%2Fv2%2Fcomments&post=29"}],"version-history":[{"count":117,"href":"http:\/\/mobitcar-ostalb.de\/index.php?rest_route=\/wp\/v2\/pages\/29\/revisions"}],"predecessor-version":[{"id":361,"href":"http:\/\/mobitcar-ostalb.de\/index.php?rest_route=\/wp\/v2\/pages\/29\/revisions\/361"}],"wp:attachment":[{"href":"http:\/\/mobitcar-ostalb.de\/index.php?rest_route=%2Fwp%2Fv2%2Fmedia&parent=29"}],"curies":[{"name":"wp","href":"https:\/\/api.w.org\/{rel}","templated":true}]}}